{"id":51,"date":"2015-09-04T01:49:27","date_gmt":"2015-09-04T01:49:27","guid":{"rendered":"http:\/\/cogitexte.com\/?page_id=51"},"modified":"2015-09-13T00:22:23","modified_gmt":"2015-09-13T00:22:23","slug":"company-overview","status":"publish","type":"page","link":"https:\/\/cogitexte.com\/","title":{"rendered":""},"content":{"rendered":"<p><img loading=\"lazy\" decoding=\"async\" src=\"http:\/\/cogitexte.com\/wp-content\/uploads\/2015\/09\/overview1.jpg\" alt=\"overview1\" width=\"708\" height=\"189\" class=\"aligncenter size-full wp-image-187\" srcset=\"https:\/\/cogitexte.com\/wp-content\/uploads\/2015\/09\/overview1.jpg 708w, https:\/\/cogitexte.com\/wp-content\/uploads\/2015\/09\/overview1-300x80.jpg 300w\" sizes=\"auto, (max-width: 708px) 100vw, 708px\" \/><\/p>\n<table width=\"1100\" height=\"0\" border=\"0\" align=\"top\"cellspacing=\"50\" cellpadding=\"50\">\n<tr>\n<td width=\"45%\"><font size=\"6px\"> <font color=\"#93975c\"> Aper\u00e7u<\/font><\/font><\/td>\n<td width=\"10%\"><\/td>\n<td width=\"45%\"><font size=\"6px\"<font color=\"#93975c\">Overview<\/font><\/font><\/td>\n<\/tr>\n<\/table>\n<table width=\"1100\" height=\"0\" border=\"0\" align=\"top\"cellspacing=\"50\" cellpadding=\"50\">\n<tr>\n<td width=\"45%\"><\/br>Depuis sa fondation en 2001, Cogitexte Inc. propose des services de traduction con\u00e7us pour satisfaire les besoins particuliers de ses clients, \u00e0 un co\u00fbt abordable.<\/p>\n<p>Notre particularit\u00e9 : offrir un service hautement personnalis\u00e9, tout comme chez les traducteurs ind\u00e9pendants, en combinaison avec les capacit\u00e9s technologiques des grands cabinets de traduction. <\/p>\n<p>Notre mission : travailler en \u00e9troite collaboration avec nos clients dans le but d\u2019\u00e9tablir avec eux une relation franche et durable. En comprenant leurs besoins, nous sommes en mesure de rencontrer et souvent m\u00eame d\u00e9passer leurs attentes.  <\/td>\n<td width=\"10%\"><img loading=\"lazy\" decoding=\"async\" src=\"http:\/\/cogitexte.com\/wp-content\/uploads\/2015\/09\/line-12x300.jpg\" alt=\"line\" width=\"12\" height=\"300\" class=\"aligncenter size-medium wp-image-114\" srcset=\"https:\/\/cogitexte.com\/wp-content\/uploads\/2015\/09\/line-12x300.jpg 12w, https:\/\/cogitexte.com\/wp-content\/uploads\/2015\/09\/line.jpg 20w\" sizes=\"auto, (max-width: 12px) 100vw, 12px\" \/><\/td>\n<td width=\"45%\">Cogitexte Inc. was founded in 2001 with the goal of offering clients affordable translation services designed to meet their specific needs.<\/p>\n<p>Our focus: Meeting customer needs by offering a combination of the highly personalized service typically provided by freelance translators and the technological capabilities of major translation firms.<\/p>\n<p>Our mission: Working closely with each and every one of our clients to build genuine and lasting customer relationships in an effort to better understand their varied requirements, while meeting and often exceeding their expectations. <\/td>\n<\/tr>\n<\/table>\n","protected":false},"excerpt":{"rendered":"<p>Aper\u00e7u<\/p>\n","protected":false},"author":1,"featured_media":0,"parent":0,"menu_order":0,"comment_status":"closed","ping_status":"closed","template":"","meta":{"footnotes":""},"class_list":["post-51","page","type-page","status-publish","hentry"],"_links":{"self":[{"href":"https:\/\/cogitexte.com\/index.php\/wp-json\/wp\/v2\/pages\/51","targetHints":{"allow":["GET"]}}],"collection":[{"href":"https:\/\/cogitexte.com\/index.php\/wp-json\/wp\/v2\/pages"}],"about":[{"href":"https:\/\/cogitexte.com\/index.php\/wp-json\/wp\/v2\/types\/page"}],"author":[{"embeddable":true,"href":"https:\/\/cogitexte.com\/index.php\/wp-json\/wp\/v2\/users\/1"}],"replies":[{"embeddable":true,"href":"https:\/\/cogitexte.com\/index.php\/wp-json\/wp\/v2\/comments?post=51"}],"version-history":[{"count":91,"href":"https:\/\/cogitexte.com\/index.php\/wp-json\/wp\/v2\/pages\/51\/revisions"}],"predecessor-version":[{"id":261,"href":"https:\/\/cogitexte.com\/index.php\/wp-json\/wp\/v2\/pages\/51\/revisions\/261"}],"wp:attachment":[{"href":"https:\/\/cogitexte.com\/index.php\/wp-json\/wp\/v2\/media?parent=51"}],"curies":[{"name":"wp","href":"https:\/\/api.w.org\/{rel}","templated":true}]}}